{"id":1933,"date":"2025-05-19T23:19:26","date_gmt":"2025-05-19T21:19:26","guid":{"rendered":"https:\/\/monch.it\/demo\/garfidi\/su-di-noi\/"},"modified":"2026-03-30T08:40:52","modified_gmt":"2026-03-30T06:40:52","slug":"su-di-noi","status":"publish","type":"page","link":"https:\/\/www.garfidi.it\/it\/su-di-noi\/","title":{"rendered":"Su di noi"},"content":{"rendered":"<p>Garfidi \u00e8 la pi\u00f9 grande cooperativa di garanzia dell\u2019Alto Adige con il maggior numero di soci. Da decenni supportiamo le imprese locali, promuovendo in tal modo l\u2019economia altoatesina. Siamo specializzati in garanzie fideiussorie su misura per finanziamenti di investimenti o l\u2019assicurazione della liquidit\u00e0 della vostra impresa.<\/p>\n<p>Vi assistiamo nelle questioni creditizie, forniamo consulenza riguardo alle forme di finanziamento pi\u00f9 vantaggiose per i vostri progetti e acceleriamo la loro approvazione. A tale riguardo collaboriamo con le principali banche e istituzioni. La nostra rete \u00e8 composta da associazioni quali LVH, hds, HGV, SHV, Confesercenti e l\u2019Associazione dei liberi professionisti altoatesini.<\/p>\n","protected":false},"excerpt":{"rendered":"<p>Garfidi \u00e8 la pi\u00f9 grande cooperativa di garanzia dell\u2019Alto Adige con il maggior numero di soci. Da decenni supportiamo le [&hellip;]<\/p>\n","protected":false},"author":1,"featured_media":2274,"parent":0,"menu_order":0,"comment_status":"closed","ping_status":"closed","template":"","meta":{"_acf_changed":false,"footnotes":""},"class_list":["post-1933","page","type-page","status-publish","has-post-thumbnail","hentry"],"acf":[],"yoast_head":"<!-- This site is optimized with the Yoast SEO plugin v27.4 - https:\/\/yoast.com\/product\/yoast-seo-wordpress\/ -->\n<title>Garfidi - Kreditgarantie S\u00fcdtirol | \u00dcber uns<\/title>\n<meta name=\"description\" content=\"Garfidi ist mit mehr als 7.000 Mitgliedern S\u00fcdtirols gr\u00f6\u00dfte Garantiegenossenschaft und bietet ma\u00dfgeschneiderte Kreditgarantien und Beratung.\" \/>\n<meta name=\"robots\" content=\"index, follow, max-snippet:-1, max-image-preview:large, max-video-preview:-1\" \/>\n<link rel=\"canonical\" href=\"https:\/\/www.garfidi.it\/it\/su-di-noi\/\" \/>\n<meta property=\"og:locale\" content=\"it_IT\" \/>\n<meta property=\"og:type\" content=\"article\" \/>\n<meta property=\"og:title\" content=\"Garfidi - Kreditgarantie S\u00fcdtirol | \u00dcber uns\" \/>\n<meta property=\"og:description\" content=\"Garfidi ist mit mehr als 7.000 Mitgliedern S\u00fcdtirols gr\u00f6\u00dfte Garantiegenossenschaft und bietet ma\u00dfgeschneiderte Kreditgarantien und Beratung.\" \/>\n<meta property=\"og:url\" content=\"https:\/\/www.garfidi.it\/it\/su-di-noi\/\" \/>\n<meta property=\"og:site_name\" content=\"Garfidi\" \/>\n<meta property=\"article:modified_time\" content=\"2026-03-30T06:40:52+00:00\" \/>\n<meta property=\"og:image\" content=\"https:\/\/www.garfidi.it\/assets\/uploads\/DSC02660-scaled.jpg\" \/>\n\t<meta property=\"og:image:width\" content=\"2560\" \/>\n\t<meta property=\"og:image:height\" content=\"1707\" \/>\n\t<meta property=\"og:image:type\" content=\"image\/jpeg\" \/>\n<meta name=\"twitter:card\" content=\"summary_large_image\" \/>\n<meta name=\"twitter:label1\" content=\"Tempo di lettura stimato\" \/>\n\t<meta name=\"twitter:data1\" content=\"10 minuti\" \/>\n<script type=\"application\/ld+json\" class=\"yoast-schema-graph\">{\"@context\":\"https:\\\/\\\/schema.org\",\"@graph\":[{\"@type\":\"WebPage\",\"@id\":\"https:\\\/\\\/www.garfidi.it\\\/it\\\/su-di-noi\\\/\",\"url\":\"https:\\\/\\\/www.garfidi.it\\\/it\\\/su-di-noi\\\/\",\"name\":\"Garfidi - Kreditgarantie S\u00fcdtirol | \u00dcber uns\",\"isPartOf\":{\"@id\":\"https:\\\/\\\/www.garfidi.it\\\/it\\\/#website\"},\"primaryImageOfPage\":{\"@id\":\"https:\\\/\\\/www.garfidi.it\\\/it\\\/su-di-noi\\\/#primaryimage\"},\"image\":{\"@id\":\"https:\\\/\\\/www.garfidi.it\\\/it\\\/su-di-noi\\\/#primaryimage\"},\"thumbnailUrl\":\"https:\\\/\\\/www.garfidi.it\\\/assets\\\/uploads\\\/DSC02660-scaled.jpg\",\"datePublished\":\"2025-05-19T21:19:26+00:00\",\"dateModified\":\"2026-03-30T06:40:52+00:00\",\"description\":\"Garfidi ist mit mehr als 7.000 Mitgliedern S\u00fcdtirols gr\u00f6\u00dfte Garantiegenossenschaft und bietet ma\u00dfgeschneiderte Kreditgarantien und Beratung.\",\"breadcrumb\":{\"@id\":\"https:\\\/\\\/www.garfidi.it\\\/it\\\/su-di-noi\\\/#breadcrumb\"},\"inLanguage\":\"it-IT\",\"potentialAction\":[{\"@type\":\"ReadAction\",\"target\":[\"https:\\\/\\\/www.garfidi.it\\\/it\\\/su-di-noi\\\/\"]}]},{\"@type\":\"ImageObject\",\"inLanguage\":\"it-IT\",\"@id\":\"https:\\\/\\\/www.garfidi.it\\\/it\\\/su-di-noi\\\/#primaryimage\",\"url\":\"https:\\\/\\\/www.garfidi.it\\\/assets\\\/uploads\\\/DSC02660-scaled.jpg\",\"contentUrl\":\"https:\\\/\\\/www.garfidi.it\\\/assets\\\/uploads\\\/DSC02660-scaled.jpg\",\"width\":2560,\"height\":1707},{\"@type\":\"BreadcrumbList\",\"@id\":\"https:\\\/\\\/www.garfidi.it\\\/it\\\/su-di-noi\\\/#breadcrumb\",\"itemListElement\":[{\"@type\":\"ListItem\",\"position\":1,\"name\":\"Home\",\"item\":\"https:\\\/\\\/www.garfidi.it\\\/it\\\/\"},{\"@type\":\"ListItem\",\"position\":2,\"name\":\"Su di noi\"}]},{\"@type\":\"WebSite\",\"@id\":\"https:\\\/\\\/www.garfidi.it\\\/it\\\/#website\",\"url\":\"https:\\\/\\\/www.garfidi.it\\\/it\\\/\",\"name\":\"Garfidi\",\"description\":\"Garanzia sul Credito Alto Adige\",\"publisher\":{\"@id\":\"https:\\\/\\\/www.garfidi.it\\\/it\\\/#organization\"},\"potentialAction\":[{\"@type\":\"SearchAction\",\"target\":{\"@type\":\"EntryPoint\",\"urlTemplate\":\"https:\\\/\\\/www.garfidi.it\\\/it\\\/?s={search_term_string}\"},\"query-input\":{\"@type\":\"PropertyValueSpecification\",\"valueRequired\":true,\"valueName\":\"search_term_string\"}}],\"inLanguage\":\"it-IT\"},{\"@type\":\"Organization\",\"@id\":\"https:\\\/\\\/www.garfidi.it\\\/it\\\/#organization\",\"name\":\"Garfidi\",\"url\":\"https:\\\/\\\/www.garfidi.it\\\/it\\\/\",\"logo\":{\"@type\":\"ImageObject\",\"inLanguage\":\"it-IT\",\"@id\":\"https:\\\/\\\/www.garfidi.it\\\/it\\\/#\\\/schema\\\/logo\\\/image\\\/\",\"url\":\"https:\\\/\\\/www.garfidi.it\\\/assets\\\/uploads\\\/cropped-favicon.png\",\"contentUrl\":\"https:\\\/\\\/www.garfidi.it\\\/assets\\\/uploads\\\/cropped-favicon.png\",\"width\":512,\"height\":512,\"caption\":\"Garfidi\"},\"image\":{\"@id\":\"https:\\\/\\\/www.garfidi.it\\\/it\\\/#\\\/schema\\\/logo\\\/image\\\/\"}}]}<\/script>\n<!-- \/ Yoast SEO plugin. -->","yoast_head_json":{"title":"Garfidi - Kreditgarantie S\u00fcdtirol | \u00dcber uns","description":"Garfidi ist mit mehr als 7.000 Mitgliedern S\u00fcdtirols gr\u00f6\u00dfte Garantiegenossenschaft und bietet ma\u00dfgeschneiderte Kreditgarantien und Beratung.","robots":{"index":"index","follow":"follow","max-snippet":"max-snippet:-1","max-image-preview":"max-image-preview:large","max-video-preview":"max-video-preview:-1"},"canonical":"https:\/\/www.garfidi.it\/it\/su-di-noi\/","og_locale":"it_IT","og_type":"article","og_title":"Garfidi - Kreditgarantie S\u00fcdtirol | \u00dcber uns","og_description":"Garfidi ist mit mehr als 7.000 Mitgliedern S\u00fcdtirols gr\u00f6\u00dfte Garantiegenossenschaft und bietet ma\u00dfgeschneiderte Kreditgarantien und Beratung.","og_url":"https:\/\/www.garfidi.it\/it\/su-di-noi\/","og_site_name":"Garfidi","article_modified_time":"2026-03-30T06:40:52+00:00","og_image":[{"width":2560,"height":1707,"url":"https:\/\/www.garfidi.it\/assets\/uploads\/DSC02660-scaled.jpg","type":"image\/jpeg"}],"twitter_card":"summary_large_image","twitter_misc":{"Tempo di lettura stimato":"10 minuti"},"schema":{"@context":"https:\/\/schema.org","@graph":[{"@type":"WebPage","@id":"https:\/\/www.garfidi.it\/it\/su-di-noi\/","url":"https:\/\/www.garfidi.it\/it\/su-di-noi\/","name":"Garfidi - Kreditgarantie S\u00fcdtirol | \u00dcber uns","isPartOf":{"@id":"https:\/\/www.garfidi.it\/it\/#website"},"primaryImageOfPage":{"@id":"https:\/\/www.garfidi.it\/it\/su-di-noi\/#primaryimage"},"image":{"@id":"https:\/\/www.garfidi.it\/it\/su-di-noi\/#primaryimage"},"thumbnailUrl":"https:\/\/www.garfidi.it\/assets\/uploads\/DSC02660-scaled.jpg","datePublished":"2025-05-19T21:19:26+00:00","dateModified":"2026-03-30T06:40:52+00:00","description":"Garfidi ist mit mehr als 7.000 Mitgliedern S\u00fcdtirols gr\u00f6\u00dfte Garantiegenossenschaft und bietet ma\u00dfgeschneiderte Kreditgarantien und Beratung.","breadcrumb":{"@id":"https:\/\/www.garfidi.it\/it\/su-di-noi\/#breadcrumb"},"inLanguage":"it-IT","potentialAction":[{"@type":"ReadAction","target":["https:\/\/www.garfidi.it\/it\/su-di-noi\/"]}]},{"@type":"ImageObject","inLanguage":"it-IT","@id":"https:\/\/www.garfidi.it\/it\/su-di-noi\/#primaryimage","url":"https:\/\/www.garfidi.it\/assets\/uploads\/DSC02660-scaled.jpg","contentUrl":"https:\/\/www.garfidi.it\/assets\/uploads\/DSC02660-scaled.jpg","width":2560,"height":1707},{"@type":"BreadcrumbList","@id":"https:\/\/www.garfidi.it\/it\/su-di-noi\/#breadcrumb","itemListElement":[{"@type":"ListItem","position":1,"name":"Home","item":"https:\/\/www.garfidi.it\/it\/"},{"@type":"ListItem","position":2,"name":"Su di noi"}]},{"@type":"WebSite","@id":"https:\/\/www.garfidi.it\/it\/#website","url":"https:\/\/www.garfidi.it\/it\/","name":"Garfidi","description":"Garanzia sul Credito Alto Adige","publisher":{"@id":"https:\/\/www.garfidi.it\/it\/#organization"},"potentialAction":[{"@type":"SearchAction","target":{"@type":"EntryPoint","urlTemplate":"https:\/\/www.garfidi.it\/it\/?s={search_term_string}"},"query-input":{"@type":"PropertyValueSpecification","valueRequired":true,"valueName":"search_term_string"}}],"inLanguage":"it-IT"},{"@type":"Organization","@id":"https:\/\/www.garfidi.it\/it\/#organization","name":"Garfidi","url":"https:\/\/www.garfidi.it\/it\/","logo":{"@type":"ImageObject","inLanguage":"it-IT","@id":"https:\/\/www.garfidi.it\/it\/#\/schema\/logo\/image\/","url":"https:\/\/www.garfidi.it\/assets\/uploads\/cropped-favicon.png","contentUrl":"https:\/\/www.garfidi.it\/assets\/uploads\/cropped-favicon.png","width":512,"height":512,"caption":"Garfidi"},"image":{"@id":"https:\/\/www.garfidi.it\/it\/#\/schema\/logo\/image\/"}}]}},"_links":{"self":[{"href":"https:\/\/www.garfidi.it\/it\/wp-json\/wp\/v2\/pages\/1933","targetHints":{"allow":["GET"]}}],"collection":[{"href":"https:\/\/www.garfidi.it\/it\/wp-json\/wp\/v2\/pages"}],"about":[{"href":"https:\/\/www.garfidi.it\/it\/wp-json\/wp\/v2\/types\/page"}],"author":[{"embeddable":true,"href":"https:\/\/www.garfidi.it\/it\/wp-json\/wp\/v2\/users\/1"}],"replies":[{"embeddable":true,"href":"https:\/\/www.garfidi.it\/it\/wp-json\/wp\/v2\/comments?post=1933"}],"version-history":[{"count":39,"href":"https:\/\/www.garfidi.it\/it\/wp-json\/wp\/v2\/pages\/1933\/revisions"}],"predecessor-version":[{"id":3154,"href":"https:\/\/www.garfidi.it\/it\/wp-json\/wp\/v2\/pages\/1933\/revisions\/3154"}],"wp:featuredmedia":[{"embeddable":true,"href":"https:\/\/www.garfidi.it\/it\/wp-json\/wp\/v2\/media\/2274"}],"wp:attachment":[{"href":"https:\/\/www.garfidi.it\/it\/wp-json\/wp\/v2\/media?parent=1933"}],"curies":[{"name":"wp","href":"https:\/\/api.w.org\/{rel}","templated":true}]}}