{"id":2758,"date":"2025-07-21T14:42:16","date_gmt":"2025-07-21T12:42:16","guid":{"rendered":"https:\/\/monch.it\/demo\/garfidi\/?page_id=2758"},"modified":"2025-08-06T12:52:39","modified_gmt":"2025-08-06T10:52:39","slug":"impressum","status":"publish","type":"page","link":"https:\/\/www.garfidi.it\/it\/legal\/impressum\/","title":{"rendered":"Imprint"},"content":{"rendered":"<p>&nbsp;<\/p>\n<p style=\"text-align: left;\"><strong>\u00a9 Copyright Garfidi &#8211; Garanzia sul Credito Alto Adige<\/strong><\/p>\n<p style=\"text-align: left;\">City Tower &#8211; Via del Macello 30\/C<br \/>\n39100 Bolzano<br \/>\nAlto Adige \u2013 Italia<br data-start=\"214\" data-end=\"217\" \/>Tel: <a href=\"tel:003904711552300\">+39 0471 1552300<\/a><br data-start=\"237\" data-end=\"240\" \/>E-Mail: <a href=\"mailto:info@garfidi.it\">info@garfidi.it<\/a><a class=\"cursor-pointer\" rel=\"noopener\" data-start=\"248\" data-end=\"263\"><br \/>\n<\/a>Sito Web: <a href=\"https:\/\/www.garfidi.it\/\">www.garfidi.it<\/a><br \/>\nPEC: <a class=\"cursor-pointer\" href=\"mailto:garfidi.gks@legalmail.it\" rel=\"noopener\" data-start=\"297\" data-end=\"321\">garfidi.gks@legalmail.it<\/a><br data-start=\"321\" data-end=\"324\" \/>Codice Destinatario: T04ZHR3<br data-start=\"346\" data-end=\"349\" \/>Partita IVA: IT03129780213<br data-start=\"373\" data-end=\"376\" \/>Codice Fiscale: 94150820218<br data-start=\"401\" data-end=\"404\" \/>Camera di commercio di Bolzano \u2013 N. REA: BZ &#8211; 234281<br data-start=\"408\" data-end=\"411\" \/>rappresentanti legali:<\/p>\n<ul style=\"text-align: left;\">\n<li>Christoph Rainer \u2013 Direttore<\/li>\n<li>Angelika Wiedmer \u2013 Presidente del Consiglio di Amministrazione<\/li>\n<li>Andreas Eccel \u2013 Vicepresidente del Consiglio di Amministrazione<\/li>\n<\/ul>\n<p>&nbsp;<\/p>\n<p>&nbsp;<\/p>\n<p class=\"large-text\" style=\"text-align: left;\"><strong>\u00a9 succus. Kommunikation GmbH<\/strong><\/p>\n<p class=\"large-text\" style=\"text-align: left;\">Via Innsbruck 23<br \/>\n39100 Bolzano<br \/>\nAlto Adige \u2013 Italia<br \/>\nTel:\u00a0<a href=\"tel:00390471940014\">+39 0471 94 00 14<\/a><br \/>\nE-Mail:\u00a0<a href=\"mailto:info@succus.info\">info@succus.info<\/a><br \/>\nPEC: <a href=\"mailto:succus@pec.it\">succus@pec.it<\/a><br \/>\nSito Web: <a href=\"https:\/\/www.succus.info\/\" target=\"_blank\" rel=\"noopener noreferrer\">www.succus.info<\/a><\/p>\n<div class=\"Intro IntroT3 bg-web1 standard-space \" style=\"text-align: left;\">\n<div class=\"component-intro\">\n<div class=\"center-content\">\n<div class=\"inner-component\">\n<div class=\"textbox\">\n<div class=\"inner-textbox\">\n<div class=\"introduction\">\n<p>&nbsp;<\/p>\n<p>&nbsp;<\/p>\n<p class=\"large-text\"><strong>Programmazione<\/strong><\/p>\n<p>Monch di Massimo Montresor<br \/>\nWebsite: <a href=\"https:\/\/www.monch.it\/\" target=\"_blank\" rel=\"noopener\">www.monch.it<\/a><\/p>\n<\/div>\n<\/div>\n<\/div>\n<\/div>\n<\/div>\n<\/div>\n<\/div>\n<div class=\"Intro IntroT3 bg-web1 standard-space \">\n<div class=\"component-intro\">\n<div class=\"center-content\">\n<div class=\"inner-component\">\n<div class=\"textbox\">\n<div class=\"inner-textbox\">\n<div class=\"introduction\">\n<p>&nbsp;<\/p>\n<p>&nbsp;<\/p>\n<p style=\"text-align: left;\"><strong>\u00a9 Foto<\/strong><\/p>\n<p style=\"text-align: left;\">Garfidi<br \/>\nMaximilian Egger<\/p>\n<p>&nbsp;<\/p>\n<p>&nbsp;<\/p>\n<p style=\"text-align: left;\"><strong>Esclusione della responsabilit\u00e0 riguardo ai link e ai rinvii<\/strong><\/p>\n<\/div>\n<\/div>\n<\/div>\n<\/div>\n<\/div>\n<\/div>\n<\/div>\n<div class=\"decoration\">\n<div class=\"inner-decoration\">Questa homepage contiene dei link (rinvii) verso altri siti web. Non abbiamo alcun influsso sul loro design e sul loro contenuto e non si assume perci\u00f2 nessuna responsabilit\u00e0 in merito. In particolare viene esclusa qualsiasi responsabilit\u00e0 riguardo al contenuto, indipendentemente dal fatto che possa essere contrario alla legge, amorale o non idoneo per utenti di una determinata fascia d&#8217;et\u00e0. I visitatori dei siti web accessibili attraverso un link dal nostro sito Internet si assumono tutte le responsabilit\u00e0 riguardo alla sua visita. Questa constatazione vale per tutti i link e i rinvii posizionati entro la propria offerta Internet.<\/div>\n<div class=\"inner-decoration\">\n<p>&nbsp;<\/p>\n<p>&nbsp;<\/p>\n<p><strong>Link e riferimenti esterni<\/strong><\/p>\n<\/div>\n<\/div>\n<div>Garfidi Garanzia sul credito Alto Adige non si assume alcuna responsabilit\u00e0 per le informazioni di altri siti web integrati tramite link e riferimenti e per i loro riferimenti ad altri siti web.<br \/>\nInternetService Srl sottolinea che non ha nessuna influenza sui contenuti grafici e sulla programmazione di pagine e\/o siti collegati tramite link (collegamento ipertestuale) dall&#8217;attuale sito. Per tale motivo non si assume la responsabilit\u00e0 e non garantisce in alcun modo dei contenuti, l&#8217;incompletezza o la correttezza dei testi delle pagine e\/o siti collegati. L&#8217;attuale sito internet potrebbe contenere pagine e\/o sezioni modificabili dal titolare del sito tramite sistema CMS (Content Management System) o sistema programmato appositamente, per tale motivo Internet Service\u2122 non si ritiene responsabile della correttezza o completezza di tali contenuti.<\/div>\n<div>\n<p>&nbsp;<\/p>\n<p>&nbsp;<\/p>\n<p style=\"text-align: left;\">\n<p><strong>Diritto d&#8217;autore e di marchio<\/strong><\/p>\n<p>Garfidi Kreditgarantie S\u00fcdtirol si impegna a rispettare i diritti d&#8217;autore delle immagini, dei file grafici, dei file sonori, delle sequenze video e dei testi utilizzati in tutte le pubblicazioni. Di utilizzare file multimediali e testi da essa stessa creati o a fare uso di materiale non soggetto a licenza. Tutte le marche e i marchi menzionati sul sito web ed eventualmente protetti da terzi sono soggetti senza restrizioni alle disposizioni del diritto di marchio applicabile e ai diritti di propriet\u00e0 registrati dai rispettivi proprietari.<\/p>\n<p>&nbsp;<\/p>\n<p>&nbsp;<\/p>\n<p style=\"text-align: left;\"><strong>Informazione obbligatoria ai sensi del Regolamento UE n. 524\/2013 del Parlamento europeo e del Consiglio<br \/>\n<\/strong>Piattaforma per la risoluzione delle controversie online dei consumatori (ODR) della Commissione europea: <strong><a href=\"http:\/\/ec.europa.eu\/consumers\/odr\/\" target=\"_blank\" rel=\"noopener\">http:\/\/ec.europa.eu\/consumers\/odr\/<\/a><\/strong><\/p>\n<p>&nbsp;<\/p>\n<div class=\"core-q\">\n<p>&nbsp;<\/p>\n<p><strong>Privacy<\/strong><\/p>\n<p><a href=\"https:\/\/www.garfidi.it\/privacy\/Informativa_articolo_13_GDPR.pdf\" target=\"_blank\" rel=\"noopener\">Questa scheda informativa<\/a>\u00a0fornisce informazioni su come il sito Web www.garfidi.it tratta i dati personali degli utenti &#8211; identificati o identificabili &#8211; che accedono al sito Web o interagiscono con il sito Web. La notifica ha luogo ai sensi dell&#8217;articolo 13 del regolamento di base sulla protezione dei dati 2016\/679 (DSGVO) in attuazione della direttiva UE 2002\/58 \/ CE. In particolare, specifica quali informazioni il responsabile del trattamento dei dati deve fornire alle persone che accedono al sito Web per qualsiasi scopo e come e quando \u00e8 richiesta tale comunicazione. Le seguenti informazioni si applicano esclusivamente al sito Web www.garfidi.it. Non si applicano ad altri siti Web esterni, a cui \u00e8 possibile accedere tramite un collegamento su questo sito Web.<\/p>\n<\/div>\n<div class=\"footer\"><\/div>\n<\/div>\n","protected":false},"excerpt":{"rendered":"<p>&nbsp; \u00a9 Copyright Garfidi &#8211; Garanzia sul Credito Alto Adige City Tower &#8211; Via del Macello 30\/C 39100 Bolzano Alto [&hellip;]<\/p>\n","protected":false},"author":2,"featured_media":0,"parent":2909,"menu_order":0,"comment_status":"closed","ping_status":"closed","template":"","meta":{"_acf_changed":false,"footnotes":""},"class_list":["post-2758","page","type-page","status-publish","hentry"],"acf":[],"yoast_head":"<!-- This site is optimized with the Yoast SEO plugin v27.4 - https:\/\/yoast.com\/product\/yoast-seo-wordpress\/ -->\n<title>Impressum | Garfidi - Garanzia sul Credito Alto Adige<\/title>\n<meta name=\"description\" content=\"Informazioni legali e dati societari di Garfidi, la societ\u00e0 di Garanzia sul Credito dell&#039;Alto Adige.\" \/>\n<meta name=\"robots\" content=\"index, follow, max-snippet:-1, max-image-preview:large, max-video-preview:-1\" \/>\n<link rel=\"canonical\" href=\"https:\/\/www.garfidi.it\/it\/legal\/impressum\/\" \/>\n<meta property=\"og:locale\" content=\"it_IT\" \/>\n<meta property=\"og:type\" content=\"article\" \/>\n<meta property=\"og:title\" content=\"Impressum | Garfidi - Garanzia sul Credito Alto Adige\" \/>\n<meta property=\"og:description\" content=\"Informazioni legali e dati societari di Garfidi, la societ\u00e0 di Garanzia sul Credito dell&#039;Alto Adige.\" \/>\n<meta property=\"og:url\" content=\"https:\/\/www.garfidi.it\/it\/legal\/impressum\/\" \/>\n<meta property=\"og:site_name\" content=\"Garfidi\" \/>\n<meta property=\"article:modified_time\" content=\"2025-08-06T10:52:39+00:00\" \/>\n<meta name=\"twitter:card\" content=\"summary_large_image\" \/>\n<meta name=\"twitter:label1\" content=\"Tempo di lettura stimato\" \/>\n\t<meta name=\"twitter:data1\" content=\"4 minuti\" \/>\n<script type=\"application\/ld+json\" class=\"yoast-schema-graph\">{\"@context\":\"https:\\\/\\\/schema.org\",\"@graph\":[{\"@type\":\"WebPage\",\"@id\":\"https:\\\/\\\/www.garfidi.it\\\/it\\\/legal\\\/impressum\\\/\",\"url\":\"https:\\\/\\\/www.garfidi.it\\\/it\\\/legal\\\/impressum\\\/\",\"name\":\"Impressum | Garfidi - Garanzia sul Credito Alto Adige\",\"isPartOf\":{\"@id\":\"https:\\\/\\\/www.garfidi.it\\\/it\\\/#website\"},\"datePublished\":\"2025-07-21T12:42:16+00:00\",\"dateModified\":\"2025-08-06T10:52:39+00:00\",\"description\":\"Informazioni legali e dati societari di Garfidi, la societ\u00e0 di Garanzia sul Credito dell'Alto Adige.\",\"breadcrumb\":{\"@id\":\"https:\\\/\\\/www.garfidi.it\\\/it\\\/legal\\\/impressum\\\/#breadcrumb\"},\"inLanguage\":\"it-IT\",\"potentialAction\":[{\"@type\":\"ReadAction\",\"target\":[\"https:\\\/\\\/www.garfidi.it\\\/it\\\/legal\\\/impressum\\\/\"]}]},{\"@type\":\"BreadcrumbList\",\"@id\":\"https:\\\/\\\/www.garfidi.it\\\/it\\\/legal\\\/impressum\\\/#breadcrumb\",\"itemListElement\":[{\"@type\":\"ListItem\",\"position\":1,\"name\":\"Home\",\"item\":\"https:\\\/\\\/www.garfidi.it\\\/it\\\/\"},{\"@type\":\"ListItem\",\"position\":2,\"name\":\"Imprint\"}]},{\"@type\":\"WebSite\",\"@id\":\"https:\\\/\\\/www.garfidi.it\\\/it\\\/#website\",\"url\":\"https:\\\/\\\/www.garfidi.it\\\/it\\\/\",\"name\":\"Garfidi\",\"description\":\"Garanzia sul Credito Alto Adige\",\"publisher\":{\"@id\":\"https:\\\/\\\/www.garfidi.it\\\/it\\\/#organization\"},\"potentialAction\":[{\"@type\":\"SearchAction\",\"target\":{\"@type\":\"EntryPoint\",\"urlTemplate\":\"https:\\\/\\\/www.garfidi.it\\\/it\\\/?s={search_term_string}\"},\"query-input\":{\"@type\":\"PropertyValueSpecification\",\"valueRequired\":true,\"valueName\":\"search_term_string\"}}],\"inLanguage\":\"it-IT\"},{\"@type\":\"Organization\",\"@id\":\"https:\\\/\\\/www.garfidi.it\\\/it\\\/#organization\",\"name\":\"Garfidi\",\"url\":\"https:\\\/\\\/www.garfidi.it\\\/it\\\/\",\"logo\":{\"@type\":\"ImageObject\",\"inLanguage\":\"it-IT\",\"@id\":\"https:\\\/\\\/www.garfidi.it\\\/it\\\/#\\\/schema\\\/logo\\\/image\\\/\",\"url\":\"https:\\\/\\\/www.garfidi.it\\\/assets\\\/uploads\\\/cropped-favicon.png\",\"contentUrl\":\"https:\\\/\\\/www.garfidi.it\\\/assets\\\/uploads\\\/cropped-favicon.png\",\"width\":512,\"height\":512,\"caption\":\"Garfidi\"},\"image\":{\"@id\":\"https:\\\/\\\/www.garfidi.it\\\/it\\\/#\\\/schema\\\/logo\\\/image\\\/\"}}]}<\/script>\n<!-- \/ Yoast SEO plugin. -->","yoast_head_json":{"title":"Impressum | Garfidi - Garanzia sul Credito Alto Adige","description":"Informazioni legali e dati societari di Garfidi, la societ\u00e0 di Garanzia sul Credito dell'Alto Adige.","robots":{"index":"index","follow":"follow","max-snippet":"max-snippet:-1","max-image-preview":"max-image-preview:large","max-video-preview":"max-video-preview:-1"},"canonical":"https:\/\/www.garfidi.it\/it\/legal\/impressum\/","og_locale":"it_IT","og_type":"article","og_title":"Impressum | Garfidi - Garanzia sul Credito Alto Adige","og_description":"Informazioni legali e dati societari di Garfidi, la societ\u00e0 di Garanzia sul Credito dell'Alto Adige.","og_url":"https:\/\/www.garfidi.it\/it\/legal\/impressum\/","og_site_name":"Garfidi","article_modified_time":"2025-08-06T10:52:39+00:00","twitter_card":"summary_large_image","twitter_misc":{"Tempo di lettura stimato":"4 minuti"},"schema":{"@context":"https:\/\/schema.org","@graph":[{"@type":"WebPage","@id":"https:\/\/www.garfidi.it\/it\/legal\/impressum\/","url":"https:\/\/www.garfidi.it\/it\/legal\/impressum\/","name":"Impressum | Garfidi - Garanzia sul Credito Alto Adige","isPartOf":{"@id":"https:\/\/www.garfidi.it\/it\/#website"},"datePublished":"2025-07-21T12:42:16+00:00","dateModified":"2025-08-06T10:52:39+00:00","description":"Informazioni legali e dati societari di Garfidi, la societ\u00e0 di Garanzia sul Credito dell'Alto Adige.","breadcrumb":{"@id":"https:\/\/www.garfidi.it\/it\/legal\/impressum\/#breadcrumb"},"inLanguage":"it-IT","potentialAction":[{"@type":"ReadAction","target":["https:\/\/www.garfidi.it\/it\/legal\/impressum\/"]}]},{"@type":"BreadcrumbList","@id":"https:\/\/www.garfidi.it\/it\/legal\/impressum\/#breadcrumb","itemListElement":[{"@type":"ListItem","position":1,"name":"Home","item":"https:\/\/www.garfidi.it\/it\/"},{"@type":"ListItem","position":2,"name":"Imprint"}]},{"@type":"WebSite","@id":"https:\/\/www.garfidi.it\/it\/#website","url":"https:\/\/www.garfidi.it\/it\/","name":"Garfidi","description":"Garanzia sul Credito Alto Adige","publisher":{"@id":"https:\/\/www.garfidi.it\/it\/#organization"},"potentialAction":[{"@type":"SearchAction","target":{"@type":"EntryPoint","urlTemplate":"https:\/\/www.garfidi.it\/it\/?s={search_term_string}"},"query-input":{"@type":"PropertyValueSpecification","valueRequired":true,"valueName":"search_term_string"}}],"inLanguage":"it-IT"},{"@type":"Organization","@id":"https:\/\/www.garfidi.it\/it\/#organization","name":"Garfidi","url":"https:\/\/www.garfidi.it\/it\/","logo":{"@type":"ImageObject","inLanguage":"it-IT","@id":"https:\/\/www.garfidi.it\/it\/#\/schema\/logo\/image\/","url":"https:\/\/www.garfidi.it\/assets\/uploads\/cropped-favicon.png","contentUrl":"https:\/\/www.garfidi.it\/assets\/uploads\/cropped-favicon.png","width":512,"height":512,"caption":"Garfidi"},"image":{"@id":"https:\/\/www.garfidi.it\/it\/#\/schema\/logo\/image\/"}}]}},"_links":{"self":[{"href":"https:\/\/www.garfidi.it\/it\/wp-json\/wp\/v2\/pages\/2758","targetHints":{"allow":["GET"]}}],"collection":[{"href":"https:\/\/www.garfidi.it\/it\/wp-json\/wp\/v2\/pages"}],"about":[{"href":"https:\/\/www.garfidi.it\/it\/wp-json\/wp\/v2\/types\/page"}],"author":[{"embeddable":true,"href":"https:\/\/www.garfidi.it\/it\/wp-json\/wp\/v2\/users\/2"}],"replies":[{"embeddable":true,"href":"https:\/\/www.garfidi.it\/it\/wp-json\/wp\/v2\/comments?post=2758"}],"version-history":[{"count":13,"href":"https:\/\/www.garfidi.it\/it\/wp-json\/wp\/v2\/pages\/2758\/revisions"}],"predecessor-version":[{"id":2828,"href":"https:\/\/www.garfidi.it\/it\/wp-json\/wp\/v2\/pages\/2758\/revisions\/2828"}],"up":[{"embeddable":true,"href":"https:\/\/www.garfidi.it\/it\/wp-json\/wp\/v2\/pages\/2909"}],"wp:attachment":[{"href":"https:\/\/www.garfidi.it\/it\/wp-json\/wp\/v2\/media?parent=2758"}],"curies":[{"name":"wp","href":"https:\/\/api.w.org\/{rel}","templated":true}]}}