{"id":1921,"date":"2025-05-19T23:19:48","date_gmt":"2025-05-19T21:19:48","guid":{"rendered":"https:\/\/monch.it\/demo\/garfidi\/diventare-soci\/"},"modified":"2025-09-08T15:39:09","modified_gmt":"2025-09-08T13:39:09","slug":"por-devente-member","status":"publish","type":"page","link":"https:\/\/www.garfidi.it\/lld\/por-devente-member\/","title":{"rendered":"Por devent\u00e9 m\u00ebmber"},"content":{"rendered":"<p>Sci\u00f6che cooperativa de garanzia pl\u00fc grana dl S\u00fcdtirol, unse bele tr\u00f6c m\u00ebmbri. Azi\u00ebndes s\u00fcdtirolejes di seturs pl\u00fc desvalis \u00e1 cr\u00ebta te n\u00fcsc sorvisc y p\u00f3 se anuz\u00e9 de vantaji y condiziuns esclusives. Gnide ince os a f\u00e1 pert dla comunit\u00e9 de Garfidi. I pitun garanzies a b\u00ebgn de osta azi\u00ebnda, i assigurun le risch de mancianzies da pai\u00e9 derevers le credit y i alisirun insci\u00f6 osc azes por ciaf\u00e9 n credit bancar.<\/p>\n","protected":false},"excerpt":{"rendered":"<p>Sci\u00f6che cooperativa de garanzia pl\u00fc grana dl S\u00fcdtirol, unse bele tr\u00f6c m\u00ebmbri. Azi\u00ebndes s\u00fcdtirolejes di seturs pl\u00fc desvalis \u00e1 cr\u00ebta [&hellip;]<\/p>\n","protected":false},"author":1,"featured_media":2608,"parent":0,"menu_order":0,"comment_status":"closed","ping_status":"closed","template":"","meta":{"_acf_changed":false,"footnotes":""},"class_list":["post-1921","page","type-page","status-publish","has-post-thumbnail","hentry"],"acf":[],"yoast_head":"<!-- This site is optimized with the Yoast SEO plugin v27.4 - https:\/\/yoast.com\/product\/yoast-seo-wordpress\/ -->\n<title>Garfidi - Garanzia de credit tl S\u00fcdtirol | Devent\u00e9 m\u00ebmber<\/title>\n<meta name=\"description\" content=\"Sci\u00f6che cooperativa de garanzia pl\u00fc grana dl S\u00fcdtirol un bele pl\u00fc de 7.000 m\u00ebmbri. Dev\u00ebnta m\u00ebmber por av\u00ebi vantaji y condiziuns esclusives.\" \/>\n<meta name=\"robots\" content=\"index, follow, max-snippet:-1, max-image-preview:large, max-video-preview:-1\" \/>\n<link rel=\"canonical\" href=\"https:\/\/www.garfidi.it\/lld\/por-devente-member\/\" \/>\n<meta property=\"og:locale\" content=\"en_US\" \/>\n<meta property=\"og:type\" content=\"article\" \/>\n<meta property=\"og:title\" content=\"Garfidi - Garanzia de credit tl S\u00fcdtirol | Devent\u00e9 m\u00ebmber\" \/>\n<meta property=\"og:description\" content=\"Sci\u00f6che cooperativa de garanzia pl\u00fc grana dl S\u00fcdtirol un bele pl\u00fc de 7.000 m\u00ebmbri. Dev\u00ebnta m\u00ebmber por av\u00ebi vantaji y condiziuns esclusives.\" \/>\n<meta property=\"og:url\" content=\"https:\/\/www.garfidi.it\/lld\/por-devente-member\/\" \/>\n<meta property=\"og:site_name\" content=\"Garfidi\" \/>\n<meta property=\"article:modified_time\" content=\"2025-09-08T13:39:09+00:00\" \/>\n<meta property=\"og:image\" content=\"https:\/\/www.garfidi.it\/assets\/uploads\/Garfidi-Kreditgenossenschaft-102-scaled.jpg\" \/>\n\t<meta property=\"og:image:width\" content=\"2560\" \/>\n\t<meta property=\"og:image:height\" content=\"1707\" \/>\n\t<meta property=\"og:image:type\" content=\"image\/jpeg\" \/>\n<meta name=\"twitter:card\" content=\"summary_large_image\" \/>\n<meta name=\"twitter:label1\" content=\"Est. reading time\" \/>\n\t<meta name=\"twitter:data1\" content=\"3 minutes\" \/>\n<script type=\"application\/ld+json\" class=\"yoast-schema-graph\">{\"@context\":\"https:\\\/\\\/schema.org\",\"@graph\":[{\"@type\":\"WebPage\",\"@id\":\"https:\\\/\\\/www.garfidi.it\\\/lld\\\/por-devente-member\\\/\",\"url\":\"https:\\\/\\\/www.garfidi.it\\\/lld\\\/por-devente-member\\\/\",\"name\":\"Garfidi - Garanzia de credit tl S\u00fcdtirol | Devent\u00e9 m\u00ebmber\",\"isPartOf\":{\"@id\":\"https:\\\/\\\/www.garfidi.it\\\/lld\\\/#website\"},\"primaryImageOfPage\":{\"@id\":\"https:\\\/\\\/www.garfidi.it\\\/lld\\\/por-devente-member\\\/#primaryimage\"},\"image\":{\"@id\":\"https:\\\/\\\/www.garfidi.it\\\/lld\\\/por-devente-member\\\/#primaryimage\"},\"thumbnailUrl\":\"https:\\\/\\\/www.garfidi.it\\\/assets\\\/uploads\\\/Garfidi-Kreditgenossenschaft-102-scaled.jpg\",\"datePublished\":\"2025-05-19T21:19:48+00:00\",\"dateModified\":\"2025-09-08T13:39:09+00:00\",\"description\":\"Sci\u00f6che cooperativa de garanzia pl\u00fc grana dl S\u00fcdtirol un bele pl\u00fc de 7.000 m\u00ebmbri. Dev\u00ebnta m\u00ebmber por av\u00ebi vantaji y condiziuns esclusives.\",\"breadcrumb\":{\"@id\":\"https:\\\/\\\/www.garfidi.it\\\/lld\\\/por-devente-member\\\/#breadcrumb\"},\"inLanguage\":\"lld-IT\",\"potentialAction\":[{\"@type\":\"ReadAction\",\"target\":[\"https:\\\/\\\/www.garfidi.it\\\/lld\\\/por-devente-member\\\/\"]}]},{\"@type\":\"ImageObject\",\"inLanguage\":\"lld-IT\",\"@id\":\"https:\\\/\\\/www.garfidi.it\\\/lld\\\/por-devente-member\\\/#primaryimage\",\"url\":\"https:\\\/\\\/www.garfidi.it\\\/assets\\\/uploads\\\/Garfidi-Kreditgenossenschaft-102-scaled.jpg\",\"contentUrl\":\"https:\\\/\\\/www.garfidi.it\\\/assets\\\/uploads\\\/Garfidi-Kreditgenossenschaft-102-scaled.jpg\",\"width\":2560,\"height\":1707},{\"@type\":\"BreadcrumbList\",\"@id\":\"https:\\\/\\\/www.garfidi.it\\\/lld\\\/por-devente-member\\\/#breadcrumb\",\"itemListElement\":[{\"@type\":\"ListItem\",\"position\":1,\"name\":\"Home\",\"item\":\"https:\\\/\\\/www.garfidi.it\\\/lld\\\/\"},{\"@type\":\"ListItem\",\"position\":2,\"name\":\"Por devent\u00e9 m\u00ebmber\"}]},{\"@type\":\"WebSite\",\"@id\":\"https:\\\/\\\/www.garfidi.it\\\/lld\\\/#website\",\"url\":\"https:\\\/\\\/www.garfidi.it\\\/lld\\\/\",\"name\":\"Garfidi\",\"description\":\"Garanzia sul Credito Alto Adige\",\"publisher\":{\"@id\":\"https:\\\/\\\/www.garfidi.it\\\/lld\\\/#organization\"},\"potentialAction\":[{\"@type\":\"SearchAction\",\"target\":{\"@type\":\"EntryPoint\",\"urlTemplate\":\"https:\\\/\\\/www.garfidi.it\\\/lld\\\/?s={search_term_string}\"},\"query-input\":{\"@type\":\"PropertyValueSpecification\",\"valueRequired\":true,\"valueName\":\"search_term_string\"}}],\"inLanguage\":\"lld-IT\"},{\"@type\":\"Organization\",\"@id\":\"https:\\\/\\\/www.garfidi.it\\\/lld\\\/#organization\",\"name\":\"Garfidi\",\"url\":\"https:\\\/\\\/www.garfidi.it\\\/lld\\\/\",\"logo\":{\"@type\":\"ImageObject\",\"inLanguage\":\"lld-IT\",\"@id\":\"https:\\\/\\\/www.garfidi.it\\\/lld\\\/#\\\/schema\\\/logo\\\/image\\\/\",\"url\":\"https:\\\/\\\/www.garfidi.it\\\/assets\\\/uploads\\\/cropped-favicon.png\",\"contentUrl\":\"https:\\\/\\\/www.garfidi.it\\\/assets\\\/uploads\\\/cropped-favicon.png\",\"width\":512,\"height\":512,\"caption\":\"Garfidi\"},\"image\":{\"@id\":\"https:\\\/\\\/www.garfidi.it\\\/lld\\\/#\\\/schema\\\/logo\\\/image\\\/\"}}]}<\/script>\n<!-- \/ Yoast SEO plugin. -->","yoast_head_json":{"title":"Garfidi - Garanzia de credit tl S\u00fcdtirol | Devent\u00e9 m\u00ebmber","description":"Sci\u00f6che cooperativa de garanzia pl\u00fc grana dl S\u00fcdtirol un bele pl\u00fc de 7.000 m\u00ebmbri. Dev\u00ebnta m\u00ebmber por av\u00ebi vantaji y condiziuns esclusives.","robots":{"index":"index","follow":"follow","max-snippet":"max-snippet:-1","max-image-preview":"max-image-preview:large","max-video-preview":"max-video-preview:-1"},"canonical":"https:\/\/www.garfidi.it\/lld\/por-devente-member\/","og_locale":"en_US","og_type":"article","og_title":"Garfidi - Garanzia de credit tl S\u00fcdtirol | Devent\u00e9 m\u00ebmber","og_description":"Sci\u00f6che cooperativa de garanzia pl\u00fc grana dl S\u00fcdtirol un bele pl\u00fc de 7.000 m\u00ebmbri. Dev\u00ebnta m\u00ebmber por av\u00ebi vantaji y condiziuns esclusives.","og_url":"https:\/\/www.garfidi.it\/lld\/por-devente-member\/","og_site_name":"Garfidi","article_modified_time":"2025-09-08T13:39:09+00:00","og_image":[{"width":2560,"height":1707,"url":"https:\/\/www.garfidi.it\/assets\/uploads\/Garfidi-Kreditgenossenschaft-102-scaled.jpg","type":"image\/jpeg"}],"twitter_card":"summary_large_image","twitter_misc":{"Est. reading time":"3 minutes"},"schema":{"@context":"https:\/\/schema.org","@graph":[{"@type":"WebPage","@id":"https:\/\/www.garfidi.it\/lld\/por-devente-member\/","url":"https:\/\/www.garfidi.it\/lld\/por-devente-member\/","name":"Garfidi - Garanzia de credit tl S\u00fcdtirol | Devent\u00e9 m\u00ebmber","isPartOf":{"@id":"https:\/\/www.garfidi.it\/lld\/#website"},"primaryImageOfPage":{"@id":"https:\/\/www.garfidi.it\/lld\/por-devente-member\/#primaryimage"},"image":{"@id":"https:\/\/www.garfidi.it\/lld\/por-devente-member\/#primaryimage"},"thumbnailUrl":"https:\/\/www.garfidi.it\/assets\/uploads\/Garfidi-Kreditgenossenschaft-102-scaled.jpg","datePublished":"2025-05-19T21:19:48+00:00","dateModified":"2025-09-08T13:39:09+00:00","description":"Sci\u00f6che cooperativa de garanzia pl\u00fc grana dl S\u00fcdtirol un bele pl\u00fc de 7.000 m\u00ebmbri. Dev\u00ebnta m\u00ebmber por av\u00ebi vantaji y condiziuns esclusives.","breadcrumb":{"@id":"https:\/\/www.garfidi.it\/lld\/por-devente-member\/#breadcrumb"},"inLanguage":"lld-IT","potentialAction":[{"@type":"ReadAction","target":["https:\/\/www.garfidi.it\/lld\/por-devente-member\/"]}]},{"@type":"ImageObject","inLanguage":"lld-IT","@id":"https:\/\/www.garfidi.it\/lld\/por-devente-member\/#primaryimage","url":"https:\/\/www.garfidi.it\/assets\/uploads\/Garfidi-Kreditgenossenschaft-102-scaled.jpg","contentUrl":"https:\/\/www.garfidi.it\/assets\/uploads\/Garfidi-Kreditgenossenschaft-102-scaled.jpg","width":2560,"height":1707},{"@type":"BreadcrumbList","@id":"https:\/\/www.garfidi.it\/lld\/por-devente-member\/#breadcrumb","itemListElement":[{"@type":"ListItem","position":1,"name":"Home","item":"https:\/\/www.garfidi.it\/lld\/"},{"@type":"ListItem","position":2,"name":"Por devent\u00e9 m\u00ebmber"}]},{"@type":"WebSite","@id":"https:\/\/www.garfidi.it\/lld\/#website","url":"https:\/\/www.garfidi.it\/lld\/","name":"Garfidi","description":"Garanzia sul Credito Alto Adige","publisher":{"@id":"https:\/\/www.garfidi.it\/lld\/#organization"},"potentialAction":[{"@type":"SearchAction","target":{"@type":"EntryPoint","urlTemplate":"https:\/\/www.garfidi.it\/lld\/?s={search_term_string}"},"query-input":{"@type":"PropertyValueSpecification","valueRequired":true,"valueName":"search_term_string"}}],"inLanguage":"lld-IT"},{"@type":"Organization","@id":"https:\/\/www.garfidi.it\/lld\/#organization","name":"Garfidi","url":"https:\/\/www.garfidi.it\/lld\/","logo":{"@type":"ImageObject","inLanguage":"lld-IT","@id":"https:\/\/www.garfidi.it\/lld\/#\/schema\/logo\/image\/","url":"https:\/\/www.garfidi.it\/assets\/uploads\/cropped-favicon.png","contentUrl":"https:\/\/www.garfidi.it\/assets\/uploads\/cropped-favicon.png","width":512,"height":512,"caption":"Garfidi"},"image":{"@id":"https:\/\/www.garfidi.it\/lld\/#\/schema\/logo\/image\/"}}]}},"_links":{"self":[{"href":"https:\/\/www.garfidi.it\/lld\/wp-json\/wp\/v2\/pages\/1921","targetHints":{"allow":["GET"]}}],"collection":[{"href":"https:\/\/www.garfidi.it\/lld\/wp-json\/wp\/v2\/pages"}],"about":[{"href":"https:\/\/www.garfidi.it\/lld\/wp-json\/wp\/v2\/types\/page"}],"author":[{"embeddable":true,"href":"https:\/\/www.garfidi.it\/lld\/wp-json\/wp\/v2\/users\/1"}],"replies":[{"embeddable":true,"href":"https:\/\/www.garfidi.it\/lld\/wp-json\/wp\/v2\/comments?post=1921"}],"version-history":[{"count":22,"href":"https:\/\/www.garfidi.it\/lld\/wp-json\/wp\/v2\/pages\/1921\/revisions"}],"predecessor-version":[{"id":2984,"href":"https:\/\/www.garfidi.it\/lld\/wp-json\/wp\/v2\/pages\/1921\/revisions\/2984"}],"wp:featuredmedia":[{"embeddable":true,"href":"https:\/\/www.garfidi.it\/lld\/wp-json\/wp\/v2\/media\/2608"}],"wp:attachment":[{"href":"https:\/\/www.garfidi.it\/lld\/wp-json\/wp\/v2\/media?parent=1921"}],"curies":[{"name":"wp","href":"https:\/\/api.w.org\/{rel}","templated":true}]}}