{"id":1923,"date":"2025-05-27T11:33:38","date_gmt":"2025-05-27T09:33:38","guid":{"rendered":"https:\/\/monch.it\/demo\/garfidi\/download\/"},"modified":"2025-07-16T17:43:47","modified_gmt":"2025-07-16T15:43:47","slug":"download","status":"publish","type":"page","link":"https:\/\/www.garfidi.it\/lld\/download\/","title":{"rendered":"Download"},"content":{"rendered":"<ol>\n<li style=\"list-style-type: none;\">\n<ol>\n<li><a href=\"#garantien\">Garanzies<\/a><\/li>\n<li><a href=\"#transparenz\">Traspar\u00ebnza y reclamaziuns<\/a><\/li>\n<\/ol>\n<\/li>\n<\/ol>\n<p>&nbsp;<\/p>\n","protected":false},"excerpt":{"rendered":"<p>Garanzies Traspar\u00ebnza y reclamaziuns &nbsp;<\/p>\n","protected":false},"author":1,"featured_media":0,"parent":0,"menu_order":0,"comment_status":"closed","ping_status":"closed","template":"","meta":{"_acf_changed":false,"footnotes":""},"class_list":["post-1923","page","type-page","status-publish","hentry"],"acf":[],"yoast_head":"<!-- This site is optimized with the Yoast SEO plugin v27.4 - https:\/\/yoast.com\/product\/yoast-seo-wordpress\/ -->\n<title>Garfidi - Garanzia de credit tl S\u00fcdtirol | Docum\u00ebnc da desciari\u00e9<\/title>\n<meta name=\"description\" content=\"Chil\u00f3 ciafi\u00ebise i docum\u00ebnc importanc da desciari\u00e9 y depl\u00f6 informaziuns sura Garfidi - Garanzia de credit tl S\u00fcdtirol.\" \/>\n<meta name=\"robots\" content=\"index, follow, max-snippet:-1, max-image-preview:large, max-video-preview:-1\" \/>\n<link rel=\"canonical\" href=\"https:\/\/www.garfidi.it\/lld\/download\/\" \/>\n<meta property=\"og:locale\" content=\"en_US\" \/>\n<meta property=\"og:type\" content=\"article\" \/>\n<meta property=\"og:title\" content=\"Garfidi - Garanzia de credit tl S\u00fcdtirol | Docum\u00ebnc da desciari\u00e9\" \/>\n<meta property=\"og:description\" content=\"Chil\u00f3 ciafi\u00ebise i docum\u00ebnc importanc da desciari\u00e9 y depl\u00f6 informaziuns sura Garfidi - Garanzia de credit tl S\u00fcdtirol.\" \/>\n<meta property=\"og:url\" content=\"https:\/\/www.garfidi.it\/lld\/download\/\" \/>\n<meta property=\"og:site_name\" content=\"Garfidi\" \/>\n<meta property=\"article:modified_time\" content=\"2025-07-16T15:43:47+00:00\" \/>\n<meta name=\"twitter:card\" content=\"summary_large_image\" \/>\n<meta name=\"twitter:label1\" content=\"Est. reading time\" \/>\n\t<meta name=\"twitter:data1\" content=\"1 minute\" \/>\n<script type=\"application\/ld+json\" class=\"yoast-schema-graph\">{\"@context\":\"https:\\\/\\\/schema.org\",\"@graph\":[{\"@type\":\"WebPage\",\"@id\":\"https:\\\/\\\/www.garfidi.it\\\/lld\\\/download\\\/\",\"url\":\"https:\\\/\\\/www.garfidi.it\\\/lld\\\/download\\\/\",\"name\":\"Garfidi - Garanzia de credit tl S\u00fcdtirol | Docum\u00ebnc da desciari\u00e9\",\"isPartOf\":{\"@id\":\"https:\\\/\\\/www.garfidi.it\\\/lld\\\/#website\"},\"datePublished\":\"2025-05-27T09:33:38+00:00\",\"dateModified\":\"2025-07-16T15:43:47+00:00\",\"description\":\"Chil\u00f3 ciafi\u00ebise i docum\u00ebnc importanc da desciari\u00e9 y depl\u00f6 informaziuns sura Garfidi - Garanzia de credit tl S\u00fcdtirol.\",\"breadcrumb\":{\"@id\":\"https:\\\/\\\/www.garfidi.it\\\/lld\\\/download\\\/#breadcrumb\"},\"inLanguage\":\"lld-IT\",\"potentialAction\":[{\"@type\":\"ReadAction\",\"target\":[\"https:\\\/\\\/www.garfidi.it\\\/lld\\\/download\\\/\"]}]},{\"@type\":\"BreadcrumbList\",\"@id\":\"https:\\\/\\\/www.garfidi.it\\\/lld\\\/download\\\/#breadcrumb\",\"itemListElement\":[{\"@type\":\"ListItem\",\"position\":1,\"name\":\"Home\",\"item\":\"https:\\\/\\\/www.garfidi.it\\\/lld\\\/\"},{\"@type\":\"ListItem\",\"position\":2,\"name\":\"Download\"}]},{\"@type\":\"WebSite\",\"@id\":\"https:\\\/\\\/www.garfidi.it\\\/lld\\\/#website\",\"url\":\"https:\\\/\\\/www.garfidi.it\\\/lld\\\/\",\"name\":\"Garfidi\",\"description\":\"Garanzia sul Credito Alto Adige\",\"publisher\":{\"@id\":\"https:\\\/\\\/www.garfidi.it\\\/lld\\\/#organization\"},\"potentialAction\":[{\"@type\":\"SearchAction\",\"target\":{\"@type\":\"EntryPoint\",\"urlTemplate\":\"https:\\\/\\\/www.garfidi.it\\\/lld\\\/?s={search_term_string}\"},\"query-input\":{\"@type\":\"PropertyValueSpecification\",\"valueRequired\":true,\"valueName\":\"search_term_string\"}}],\"inLanguage\":\"lld-IT\"},{\"@type\":\"Organization\",\"@id\":\"https:\\\/\\\/www.garfidi.it\\\/lld\\\/#organization\",\"name\":\"Garfidi\",\"url\":\"https:\\\/\\\/www.garfidi.it\\\/lld\\\/\",\"logo\":{\"@type\":\"ImageObject\",\"inLanguage\":\"lld-IT\",\"@id\":\"https:\\\/\\\/www.garfidi.it\\\/lld\\\/#\\\/schema\\\/logo\\\/image\\\/\",\"url\":\"https:\\\/\\\/www.garfidi.it\\\/assets\\\/uploads\\\/cropped-favicon.png\",\"contentUrl\":\"https:\\\/\\\/www.garfidi.it\\\/assets\\\/uploads\\\/cropped-favicon.png\",\"width\":512,\"height\":512,\"caption\":\"Garfidi\"},\"image\":{\"@id\":\"https:\\\/\\\/www.garfidi.it\\\/lld\\\/#\\\/schema\\\/logo\\\/image\\\/\"}}]}<\/script>\n<!-- \/ Yoast SEO plugin. -->","yoast_head_json":{"title":"Garfidi - Garanzia de credit tl S\u00fcdtirol | Docum\u00ebnc da desciari\u00e9","description":"Chil\u00f3 ciafi\u00ebise i docum\u00ebnc importanc da desciari\u00e9 y depl\u00f6 informaziuns sura Garfidi - Garanzia de credit tl S\u00fcdtirol.","robots":{"index":"index","follow":"follow","max-snippet":"max-snippet:-1","max-image-preview":"max-image-preview:large","max-video-preview":"max-video-preview:-1"},"canonical":"https:\/\/www.garfidi.it\/lld\/download\/","og_locale":"en_US","og_type":"article","og_title":"Garfidi - Garanzia de credit tl S\u00fcdtirol | Docum\u00ebnc da desciari\u00e9","og_description":"Chil\u00f3 ciafi\u00ebise i docum\u00ebnc importanc da desciari\u00e9 y depl\u00f6 informaziuns sura Garfidi - Garanzia de credit tl S\u00fcdtirol.","og_url":"https:\/\/www.garfidi.it\/lld\/download\/","og_site_name":"Garfidi","article_modified_time":"2025-07-16T15:43:47+00:00","twitter_card":"summary_large_image","twitter_misc":{"Est. reading time":"1 minute"},"schema":{"@context":"https:\/\/schema.org","@graph":[{"@type":"WebPage","@id":"https:\/\/www.garfidi.it\/lld\/download\/","url":"https:\/\/www.garfidi.it\/lld\/download\/","name":"Garfidi - Garanzia de credit tl S\u00fcdtirol | Docum\u00ebnc da desciari\u00e9","isPartOf":{"@id":"https:\/\/www.garfidi.it\/lld\/#website"},"datePublished":"2025-05-27T09:33:38+00:00","dateModified":"2025-07-16T15:43:47+00:00","description":"Chil\u00f3 ciafi\u00ebise i docum\u00ebnc importanc da desciari\u00e9 y depl\u00f6 informaziuns sura Garfidi - Garanzia de credit tl S\u00fcdtirol.","breadcrumb":{"@id":"https:\/\/www.garfidi.it\/lld\/download\/#breadcrumb"},"inLanguage":"lld-IT","potentialAction":[{"@type":"ReadAction","target":["https:\/\/www.garfidi.it\/lld\/download\/"]}]},{"@type":"BreadcrumbList","@id":"https:\/\/www.garfidi.it\/lld\/download\/#breadcrumb","itemListElement":[{"@type":"ListItem","position":1,"name":"Home","item":"https:\/\/www.garfidi.it\/lld\/"},{"@type":"ListItem","position":2,"name":"Download"}]},{"@type":"WebSite","@id":"https:\/\/www.garfidi.it\/lld\/#website","url":"https:\/\/www.garfidi.it\/lld\/","name":"Garfidi","description":"Garanzia sul Credito Alto Adige","publisher":{"@id":"https:\/\/www.garfidi.it\/lld\/#organization"},"potentialAction":[{"@type":"SearchAction","target":{"@type":"EntryPoint","urlTemplate":"https:\/\/www.garfidi.it\/lld\/?s={search_term_string}"},"query-input":{"@type":"PropertyValueSpecification","valueRequired":true,"valueName":"search_term_string"}}],"inLanguage":"lld-IT"},{"@type":"Organization","@id":"https:\/\/www.garfidi.it\/lld\/#organization","name":"Garfidi","url":"https:\/\/www.garfidi.it\/lld\/","logo":{"@type":"ImageObject","inLanguage":"lld-IT","@id":"https:\/\/www.garfidi.it\/lld\/#\/schema\/logo\/image\/","url":"https:\/\/www.garfidi.it\/assets\/uploads\/cropped-favicon.png","contentUrl":"https:\/\/www.garfidi.it\/assets\/uploads\/cropped-favicon.png","width":512,"height":512,"caption":"Garfidi"},"image":{"@id":"https:\/\/www.garfidi.it\/lld\/#\/schema\/logo\/image\/"}}]}},"_links":{"self":[{"href":"https:\/\/www.garfidi.it\/lld\/wp-json\/wp\/v2\/pages\/1923","targetHints":{"allow":["GET"]}}],"collection":[{"href":"https:\/\/www.garfidi.it\/lld\/wp-json\/wp\/v2\/pages"}],"about":[{"href":"https:\/\/www.garfidi.it\/lld\/wp-json\/wp\/v2\/types\/page"}],"author":[{"embeddable":true,"href":"https:\/\/www.garfidi.it\/lld\/wp-json\/wp\/v2\/users\/1"}],"replies":[{"embeddable":true,"href":"https:\/\/www.garfidi.it\/lld\/wp-json\/wp\/v2\/comments?post=1923"}],"version-history":[{"count":15,"href":"https:\/\/www.garfidi.it\/lld\/wp-json\/wp\/v2\/pages\/1923\/revisions"}],"predecessor-version":[{"id":2447,"href":"https:\/\/www.garfidi.it\/lld\/wp-json\/wp\/v2\/pages\/1923\/revisions\/2447"}],"wp:attachment":[{"href":"https:\/\/www.garfidi.it\/lld\/wp-json\/wp\/v2\/media?parent=1923"}],"curies":[{"name":"wp","href":"https:\/\/api.w.org\/{rel}","templated":true}]}}