{"id":1932,"date":"2025-05-19T23:19:39","date_gmt":"2025-05-19T21:19:39","guid":{"rendered":"https:\/\/monch.it\/demo\/garfidi\/servizi\/"},"modified":"2025-08-28T16:52:26","modified_gmt":"2025-08-28T14:52:26","slug":"sorvisc","status":"publish","type":"page","link":"https:\/\/www.garfidi.it\/lld\/sorvisc\/","title":{"rendered":"Sorvisc"},"content":{"rendered":"<p>I pitun garanzies de credit individuales por de piceres azi\u00ebndes y azi\u00ebndes de dimenjiuns mesanes te d\u00fcc i seturs. Nosta misciun \u00e9 da ves aconsi\u00e9 y sostign\u00ed pro osc proiet imprenditorial. I surantolun pro proiec che \u00e1 deboj\u00ebgn de n finanziam\u00ebnt la prestaziun de garanzia ti confrunc dles banches y i daidun da ciaf\u00e9 la strot\u00f6ra de credit otimala por ostes esig\u00ebnzes.<\/p>\n<p>Sci\u00f6che cooperativa de garanzia pl\u00fc grana dl S\u00fcdtirol un sci\u00f6che fondam\u00ebnta nosc patrimone y impl\u00fc podun se lasc\u00e9 s\u00f6n na r\u00ebi sterscia de assoziaziuns, istituziuns y banches. Da sotlign\u00e9 \u00e9 ince nosta colaboraziun str\u00ebnta cun la Provinzia de Balsan.<\/p>\n","protected":false},"excerpt":{"rendered":"<p>I pitun garanzies de credit individuales por de piceres azi\u00ebndes y azi\u00ebndes de dimenjiuns mesanes te d\u00fcc i seturs. Nosta [&hellip;]<\/p>\n","protected":false},"author":1,"featured_media":2596,"parent":0,"menu_order":0,"comment_status":"closed","ping_status":"closed","template":"","meta":{"_acf_changed":false,"footnotes":""},"class_list":["post-1932","page","type-page","status-publish","has-post-thumbnail","hentry"],"acf":[],"yoast_head":"<!-- This site is optimized with the Yoast SEO plugin v27.4 - https:\/\/yoast.com\/product\/yoast-seo-wordpress\/ -->\n<title>Garfidi - Garanzia de credit tl S\u00fcdtirol | Sorvisc<\/title>\n<meta name=\"description\" content=\"I pitun garanzies de credit individuales por de piceres azi\u00ebndes y azi\u00ebndes de dimenjiuns mesanes te d\u00fcc i seturs.\" \/>\n<meta name=\"robots\" content=\"index, follow, max-snippet:-1, max-image-preview:large, max-video-preview:-1\" \/>\n<link rel=\"canonical\" href=\"https:\/\/www.garfidi.it\/lld\/sorvisc\/\" \/>\n<meta property=\"og:locale\" content=\"en_US\" \/>\n<meta property=\"og:type\" content=\"article\" \/>\n<meta property=\"og:title\" content=\"Garfidi - Garanzia de credit tl S\u00fcdtirol | Sorvisc\" \/>\n<meta property=\"og:description\" content=\"I pitun garanzies de credit individuales por de piceres azi\u00ebndes y azi\u00ebndes de dimenjiuns mesanes te d\u00fcc i seturs.\" \/>\n<meta property=\"og:url\" content=\"https:\/\/www.garfidi.it\/lld\/sorvisc\/\" \/>\n<meta property=\"og:site_name\" content=\"Garfidi\" \/>\n<meta property=\"article:modified_time\" content=\"2025-08-28T14:52:26+00:00\" \/>\n<meta property=\"og:image\" content=\"https:\/\/www.garfidi.it\/assets\/uploads\/Garfidi-Kreditgenossenschaft-29-scaled.jpg\" \/>\n\t<meta property=\"og:image:width\" content=\"2560\" \/>\n\t<meta property=\"og:image:height\" content=\"1707\" \/>\n\t<meta property=\"og:image:type\" content=\"image\/jpeg\" \/>\n<meta name=\"twitter:card\" content=\"summary_large_image\" \/>\n<meta name=\"twitter:label1\" content=\"Est. reading time\" \/>\n\t<meta name=\"twitter:data1\" content=\"7 minutes\" \/>\n<script type=\"application\/ld+json\" class=\"yoast-schema-graph\">{\"@context\":\"https:\\\/\\\/schema.org\",\"@graph\":[{\"@type\":\"WebPage\",\"@id\":\"https:\\\/\\\/www.garfidi.it\\\/lld\\\/sorvisc\\\/\",\"url\":\"https:\\\/\\\/www.garfidi.it\\\/lld\\\/sorvisc\\\/\",\"name\":\"Garfidi - Garanzia de credit tl S\u00fcdtirol | Sorvisc\",\"isPartOf\":{\"@id\":\"https:\\\/\\\/www.garfidi.it\\\/lld\\\/#website\"},\"primaryImageOfPage\":{\"@id\":\"https:\\\/\\\/www.garfidi.it\\\/lld\\\/sorvisc\\\/#primaryimage\"},\"image\":{\"@id\":\"https:\\\/\\\/www.garfidi.it\\\/lld\\\/sorvisc\\\/#primaryimage\"},\"thumbnailUrl\":\"https:\\\/\\\/www.garfidi.it\\\/assets\\\/uploads\\\/Garfidi-Kreditgenossenschaft-29-scaled.jpg\",\"datePublished\":\"2025-05-19T21:19:39+00:00\",\"dateModified\":\"2025-08-28T14:52:26+00:00\",\"description\":\"I pitun garanzies de credit individuales por de piceres azi\u00ebndes y azi\u00ebndes de dimenjiuns mesanes te d\u00fcc i seturs.\",\"breadcrumb\":{\"@id\":\"https:\\\/\\\/www.garfidi.it\\\/lld\\\/sorvisc\\\/#breadcrumb\"},\"inLanguage\":\"lld-IT\",\"potentialAction\":[{\"@type\":\"ReadAction\",\"target\":[\"https:\\\/\\\/www.garfidi.it\\\/lld\\\/sorvisc\\\/\"]}]},{\"@type\":\"ImageObject\",\"inLanguage\":\"lld-IT\",\"@id\":\"https:\\\/\\\/www.garfidi.it\\\/lld\\\/sorvisc\\\/#primaryimage\",\"url\":\"https:\\\/\\\/www.garfidi.it\\\/assets\\\/uploads\\\/Garfidi-Kreditgenossenschaft-29-scaled.jpg\",\"contentUrl\":\"https:\\\/\\\/www.garfidi.it\\\/assets\\\/uploads\\\/Garfidi-Kreditgenossenschaft-29-scaled.jpg\",\"width\":2560,\"height\":1707,\"caption\":\"Garfidi-Leistungen\"},{\"@type\":\"BreadcrumbList\",\"@id\":\"https:\\\/\\\/www.garfidi.it\\\/lld\\\/sorvisc\\\/#breadcrumb\",\"itemListElement\":[{\"@type\":\"ListItem\",\"position\":1,\"name\":\"Home\",\"item\":\"https:\\\/\\\/www.garfidi.it\\\/lld\\\/\"},{\"@type\":\"ListItem\",\"position\":2,\"name\":\"Sorvisc\"}]},{\"@type\":\"WebSite\",\"@id\":\"https:\\\/\\\/www.garfidi.it\\\/lld\\\/#website\",\"url\":\"https:\\\/\\\/www.garfidi.it\\\/lld\\\/\",\"name\":\"Garfidi\",\"description\":\"Garanzia sul Credito Alto Adige\",\"publisher\":{\"@id\":\"https:\\\/\\\/www.garfidi.it\\\/lld\\\/#organization\"},\"potentialAction\":[{\"@type\":\"SearchAction\",\"target\":{\"@type\":\"EntryPoint\",\"urlTemplate\":\"https:\\\/\\\/www.garfidi.it\\\/lld\\\/?s={search_term_string}\"},\"query-input\":{\"@type\":\"PropertyValueSpecification\",\"valueRequired\":true,\"valueName\":\"search_term_string\"}}],\"inLanguage\":\"lld-IT\"},{\"@type\":\"Organization\",\"@id\":\"https:\\\/\\\/www.garfidi.it\\\/lld\\\/#organization\",\"name\":\"Garfidi\",\"url\":\"https:\\\/\\\/www.garfidi.it\\\/lld\\\/\",\"logo\":{\"@type\":\"ImageObject\",\"inLanguage\":\"lld-IT\",\"@id\":\"https:\\\/\\\/www.garfidi.it\\\/lld\\\/#\\\/schema\\\/logo\\\/image\\\/\",\"url\":\"https:\\\/\\\/www.garfidi.it\\\/assets\\\/uploads\\\/cropped-favicon.png\",\"contentUrl\":\"https:\\\/\\\/www.garfidi.it\\\/assets\\\/uploads\\\/cropped-favicon.png\",\"width\":512,\"height\":512,\"caption\":\"Garfidi\"},\"image\":{\"@id\":\"https:\\\/\\\/www.garfidi.it\\\/lld\\\/#\\\/schema\\\/logo\\\/image\\\/\"}}]}<\/script>\n<!-- \/ Yoast SEO plugin. -->","yoast_head_json":{"title":"Garfidi - Garanzia de credit tl S\u00fcdtirol | Sorvisc","description":"I pitun garanzies de credit individuales por de piceres azi\u00ebndes y azi\u00ebndes de dimenjiuns mesanes te d\u00fcc i seturs.","robots":{"index":"index","follow":"follow","max-snippet":"max-snippet:-1","max-image-preview":"max-image-preview:large","max-video-preview":"max-video-preview:-1"},"canonical":"https:\/\/www.garfidi.it\/lld\/sorvisc\/","og_locale":"en_US","og_type":"article","og_title":"Garfidi - Garanzia de credit tl S\u00fcdtirol | Sorvisc","og_description":"I pitun garanzies de credit individuales por de piceres azi\u00ebndes y azi\u00ebndes de dimenjiuns mesanes te d\u00fcc i seturs.","og_url":"https:\/\/www.garfidi.it\/lld\/sorvisc\/","og_site_name":"Garfidi","article_modified_time":"2025-08-28T14:52:26+00:00","og_image":[{"width":2560,"height":1707,"url":"https:\/\/www.garfidi.it\/assets\/uploads\/Garfidi-Kreditgenossenschaft-29-scaled.jpg","type":"image\/jpeg"}],"twitter_card":"summary_large_image","twitter_misc":{"Est. reading time":"7 minutes"},"schema":{"@context":"https:\/\/schema.org","@graph":[{"@type":"WebPage","@id":"https:\/\/www.garfidi.it\/lld\/sorvisc\/","url":"https:\/\/www.garfidi.it\/lld\/sorvisc\/","name":"Garfidi - Garanzia de credit tl S\u00fcdtirol | Sorvisc","isPartOf":{"@id":"https:\/\/www.garfidi.it\/lld\/#website"},"primaryImageOfPage":{"@id":"https:\/\/www.garfidi.it\/lld\/sorvisc\/#primaryimage"},"image":{"@id":"https:\/\/www.garfidi.it\/lld\/sorvisc\/#primaryimage"},"thumbnailUrl":"https:\/\/www.garfidi.it\/assets\/uploads\/Garfidi-Kreditgenossenschaft-29-scaled.jpg","datePublished":"2025-05-19T21:19:39+00:00","dateModified":"2025-08-28T14:52:26+00:00","description":"I pitun garanzies de credit individuales por de piceres azi\u00ebndes y azi\u00ebndes de dimenjiuns mesanes te d\u00fcc i seturs.","breadcrumb":{"@id":"https:\/\/www.garfidi.it\/lld\/sorvisc\/#breadcrumb"},"inLanguage":"lld-IT","potentialAction":[{"@type":"ReadAction","target":["https:\/\/www.garfidi.it\/lld\/sorvisc\/"]}]},{"@type":"ImageObject","inLanguage":"lld-IT","@id":"https:\/\/www.garfidi.it\/lld\/sorvisc\/#primaryimage","url":"https:\/\/www.garfidi.it\/assets\/uploads\/Garfidi-Kreditgenossenschaft-29-scaled.jpg","contentUrl":"https:\/\/www.garfidi.it\/assets\/uploads\/Garfidi-Kreditgenossenschaft-29-scaled.jpg","width":2560,"height":1707,"caption":"Garfidi-Leistungen"},{"@type":"BreadcrumbList","@id":"https:\/\/www.garfidi.it\/lld\/sorvisc\/#breadcrumb","itemListElement":[{"@type":"ListItem","position":1,"name":"Home","item":"https:\/\/www.garfidi.it\/lld\/"},{"@type":"ListItem","position":2,"name":"Sorvisc"}]},{"@type":"WebSite","@id":"https:\/\/www.garfidi.it\/lld\/#website","url":"https:\/\/www.garfidi.it\/lld\/","name":"Garfidi","description":"Garanzia sul Credito Alto Adige","publisher":{"@id":"https:\/\/www.garfidi.it\/lld\/#organization"},"potentialAction":[{"@type":"SearchAction","target":{"@type":"EntryPoint","urlTemplate":"https:\/\/www.garfidi.it\/lld\/?s={search_term_string}"},"query-input":{"@type":"PropertyValueSpecification","valueRequired":true,"valueName":"search_term_string"}}],"inLanguage":"lld-IT"},{"@type":"Organization","@id":"https:\/\/www.garfidi.it\/lld\/#organization","name":"Garfidi","url":"https:\/\/www.garfidi.it\/lld\/","logo":{"@type":"ImageObject","inLanguage":"lld-IT","@id":"https:\/\/www.garfidi.it\/lld\/#\/schema\/logo\/image\/","url":"https:\/\/www.garfidi.it\/assets\/uploads\/cropped-favicon.png","contentUrl":"https:\/\/www.garfidi.it\/assets\/uploads\/cropped-favicon.png","width":512,"height":512,"caption":"Garfidi"},"image":{"@id":"https:\/\/www.garfidi.it\/lld\/#\/schema\/logo\/image\/"}}]}},"_links":{"self":[{"href":"https:\/\/www.garfidi.it\/lld\/wp-json\/wp\/v2\/pages\/1932","targetHints":{"allow":["GET"]}}],"collection":[{"href":"https:\/\/www.garfidi.it\/lld\/wp-json\/wp\/v2\/pages"}],"about":[{"href":"https:\/\/www.garfidi.it\/lld\/wp-json\/wp\/v2\/types\/page"}],"author":[{"embeddable":true,"href":"https:\/\/www.garfidi.it\/lld\/wp-json\/wp\/v2\/users\/1"}],"replies":[{"embeddable":true,"href":"https:\/\/www.garfidi.it\/lld\/wp-json\/wp\/v2\/comments?post=1932"}],"version-history":[{"count":38,"href":"https:\/\/www.garfidi.it\/lld\/wp-json\/wp\/v2\/pages\/1932\/revisions"}],"predecessor-version":[{"id":2968,"href":"https:\/\/www.garfidi.it\/lld\/wp-json\/wp\/v2\/pages\/1932\/revisions\/2968"}],"wp:featuredmedia":[{"embeddable":true,"href":"https:\/\/www.garfidi.it\/lld\/wp-json\/wp\/v2\/media\/2596"}],"wp:attachment":[{"href":"https:\/\/www.garfidi.it\/lld\/wp-json\/wp\/v2\/media?parent=1932"}],"curies":[{"name":"wp","href":"https:\/\/api.w.org\/{rel}","templated":true}]}}