{"id":1937,"date":"2025-05-19T23:20:48","date_gmt":"2025-05-19T21:20:48","guid":{"rendered":"https:\/\/monch.it\/demo\/garfidi\/suedtirol-rating\/"},"modified":"2026-02-11T11:08:10","modified_gmt":"2026-02-11T10:08:10","slug":"suedtirol-rating","status":"publish","type":"page","link":"https:\/\/www.garfidi.it\/lld\/suedtirol-rating\/","title":{"rendered":"S\u00fcdtirol Rating"},"content":{"rendered":"<p>Cun S\u00fcdtirol Rating, n produt de Garfidi, ciaf\u00ebise os por osta azi\u00ebnda n&#8217;ejaminaziun profescionala y ampla de osta afidabilit\u00e9 da pai\u00e9 derevers n credit. Ch\u00ebsc sorvisc ne ves garant\u00ebsc nia ma traspar\u00ebnza s\u00f6n osta solv\u00ebnza, mo al renforz\u00ebia ince osta posiziun s\u00f6l marc\u00e9 ti confrunc de banches, investidus y partner d&#8217;afars.<\/p>\n<p>N rating positif aument\u00ebia osta credibilit\u00e9 y la cr\u00ebta te \u00fcsc confrunc y ves deura la porta a poscibilit\u00e9s n\u00f6ies de finanziam\u00ebnt y ince da otimis\u00e9 i cos\u0107.<\/p>\n<p>&nbsp;<\/p>\n<ol>\n<li><a href=\"#anchor1\">Funziun<\/a><\/li>\n<li><a href=\"#anchor2\">Vantaji<\/a><\/li>\n<li><a href=\"#anchor3\">Scala dl rating<\/a><\/li>\n<li><a href=\"#anchor4\">Pozed\u00f6ra<\/a><\/li>\n<li><a href=\"#anchor5\">Planns dles tarifes <\/a><\/li>\n<\/ol>\n","protected":false},"excerpt":{"rendered":"<p>Cun S\u00fcdtirol Rating, n produt de Garfidi, ciaf\u00ebise os por osta azi\u00ebnda n&#8217;ejaminaziun profescionala y ampla de osta afidabilit\u00e9 da [&hellip;]<\/p>\n","protected":false},"author":1,"featured_media":2593,"parent":0,"menu_order":0,"comment_status":"closed","ping_status":"closed","template":"","meta":{"_acf_changed":false,"footnotes":""},"class_list":["post-1937","page","type-page","status-publish","has-post-thumbnail","hentry"],"acf":[],"yoast_head":"<!-- This site is optimized with the Yoast SEO plugin v27.4 - https:\/\/yoast.com\/product\/yoast-seo-wordpress\/ -->\n<title>Garfidi - Garanzia de credit tl S\u00fcdtirol | S\u00fcdtirol Rating<\/title>\n<meta name=\"description\" content=\"Cun S\u00fcdtirol Rating, n produt de Garfidi, ciaf\u00ebise n&#039;ejaminaziun profescionala y ampla de osta afidabilit\u00e9 da pai\u00e9 derevers n credit.\" \/>\n<meta name=\"robots\" content=\"index, follow, max-snippet:-1, max-image-preview:large, max-video-preview:-1\" \/>\n<link rel=\"canonical\" href=\"https:\/\/www.garfidi.it\/lld\/suedtirol-rating\/\" \/>\n<meta property=\"og:locale\" content=\"en_US\" \/>\n<meta property=\"og:type\" content=\"article\" \/>\n<meta property=\"og:title\" content=\"Garfidi - Garanzia de credit tl S\u00fcdtirol | S\u00fcdtirol Rating\" \/>\n<meta property=\"og:description\" content=\"Cun S\u00fcdtirol Rating, n produt de Garfidi, ciaf\u00ebise n&#039;ejaminaziun profescionala y ampla de osta afidabilit\u00e9 da pai\u00e9 derevers n credit.\" \/>\n<meta property=\"og:url\" content=\"https:\/\/www.garfidi.it\/lld\/suedtirol-rating\/\" \/>\n<meta property=\"og:site_name\" content=\"Garfidi\" \/>\n<meta property=\"article:modified_time\" content=\"2026-02-11T10:08:10+00:00\" \/>\n<meta property=\"og:image\" content=\"https:\/\/www.garfidi.it\/assets\/uploads\/Garfidi-Kreditgenossenschaft-133-scaled.jpg\" \/>\n\t<meta property=\"og:image:width\" content=\"2560\" \/>\n\t<meta property=\"og:image:height\" content=\"1707\" \/>\n\t<meta property=\"og:image:type\" content=\"image\/jpeg\" \/>\n<meta name=\"twitter:card\" content=\"summary_large_image\" \/>\n<meta name=\"twitter:label1\" content=\"Est. reading time\" \/>\n\t<meta name=\"twitter:data1\" content=\"6 minutes\" \/>\n<script type=\"application\/ld+json\" class=\"yoast-schema-graph\">{\"@context\":\"https:\\\/\\\/schema.org\",\"@graph\":[{\"@type\":\"WebPage\",\"@id\":\"https:\\\/\\\/www.garfidi.it\\\/lld\\\/suedtirol-rating\\\/\",\"url\":\"https:\\\/\\\/www.garfidi.it\\\/lld\\\/suedtirol-rating\\\/\",\"name\":\"Garfidi - Garanzia de credit tl S\u00fcdtirol | S\u00fcdtirol Rating\",\"isPartOf\":{\"@id\":\"https:\\\/\\\/www.garfidi.it\\\/lld\\\/#website\"},\"primaryImageOfPage\":{\"@id\":\"https:\\\/\\\/www.garfidi.it\\\/lld\\\/suedtirol-rating\\\/#primaryimage\"},\"image\":{\"@id\":\"https:\\\/\\\/www.garfidi.it\\\/lld\\\/suedtirol-rating\\\/#primaryimage\"},\"thumbnailUrl\":\"https:\\\/\\\/www.garfidi.it\\\/assets\\\/uploads\\\/Garfidi-Kreditgenossenschaft-133-scaled.jpg\",\"datePublished\":\"2025-05-19T21:20:48+00:00\",\"dateModified\":\"2026-02-11T10:08:10+00:00\",\"description\":\"Cun S\u00fcdtirol Rating, n produt de Garfidi, ciaf\u00ebise n'ejaminaziun profescionala y ampla de osta afidabilit\u00e9 da pai\u00e9 derevers n credit.\",\"breadcrumb\":{\"@id\":\"https:\\\/\\\/www.garfidi.it\\\/lld\\\/suedtirol-rating\\\/#breadcrumb\"},\"inLanguage\":\"lld-IT\",\"potentialAction\":[{\"@type\":\"ReadAction\",\"target\":[\"https:\\\/\\\/www.garfidi.it\\\/lld\\\/suedtirol-rating\\\/\"]}]},{\"@type\":\"ImageObject\",\"inLanguage\":\"lld-IT\",\"@id\":\"https:\\\/\\\/www.garfidi.it\\\/lld\\\/suedtirol-rating\\\/#primaryimage\",\"url\":\"https:\\\/\\\/www.garfidi.it\\\/assets\\\/uploads\\\/Garfidi-Kreditgenossenschaft-133-scaled.jpg\",\"contentUrl\":\"https:\\\/\\\/www.garfidi.it\\\/assets\\\/uploads\\\/Garfidi-Kreditgenossenschaft-133-scaled.jpg\",\"width\":2560,\"height\":1707},{\"@type\":\"BreadcrumbList\",\"@id\":\"https:\\\/\\\/www.garfidi.it\\\/lld\\\/suedtirol-rating\\\/#breadcrumb\",\"itemListElement\":[{\"@type\":\"ListItem\",\"position\":1,\"name\":\"Home\",\"item\":\"https:\\\/\\\/www.garfidi.it\\\/lld\\\/\"},{\"@type\":\"ListItem\",\"position\":2,\"name\":\"S\u00fcdtirol Rating\"}]},{\"@type\":\"WebSite\",\"@id\":\"https:\\\/\\\/www.garfidi.it\\\/lld\\\/#website\",\"url\":\"https:\\\/\\\/www.garfidi.it\\\/lld\\\/\",\"name\":\"Garfidi\",\"description\":\"Garanzia sul Credito Alto Adige\",\"publisher\":{\"@id\":\"https:\\\/\\\/www.garfidi.it\\\/lld\\\/#organization\"},\"potentialAction\":[{\"@type\":\"SearchAction\",\"target\":{\"@type\":\"EntryPoint\",\"urlTemplate\":\"https:\\\/\\\/www.garfidi.it\\\/lld\\\/?s={search_term_string}\"},\"query-input\":{\"@type\":\"PropertyValueSpecification\",\"valueRequired\":true,\"valueName\":\"search_term_string\"}}],\"inLanguage\":\"lld-IT\"},{\"@type\":\"Organization\",\"@id\":\"https:\\\/\\\/www.garfidi.it\\\/lld\\\/#organization\",\"name\":\"Garfidi\",\"url\":\"https:\\\/\\\/www.garfidi.it\\\/lld\\\/\",\"logo\":{\"@type\":\"ImageObject\",\"inLanguage\":\"lld-IT\",\"@id\":\"https:\\\/\\\/www.garfidi.it\\\/lld\\\/#\\\/schema\\\/logo\\\/image\\\/\",\"url\":\"https:\\\/\\\/www.garfidi.it\\\/assets\\\/uploads\\\/cropped-favicon.png\",\"contentUrl\":\"https:\\\/\\\/www.garfidi.it\\\/assets\\\/uploads\\\/cropped-favicon.png\",\"width\":512,\"height\":512,\"caption\":\"Garfidi\"},\"image\":{\"@id\":\"https:\\\/\\\/www.garfidi.it\\\/lld\\\/#\\\/schema\\\/logo\\\/image\\\/\"}}]}<\/script>\n<!-- \/ Yoast SEO plugin. -->","yoast_head_json":{"title":"Garfidi - Garanzia de credit tl S\u00fcdtirol | S\u00fcdtirol Rating","description":"Cun S\u00fcdtirol Rating, n produt de Garfidi, ciaf\u00ebise n'ejaminaziun profescionala y ampla de osta afidabilit\u00e9 da pai\u00e9 derevers n credit.","robots":{"index":"index","follow":"follow","max-snippet":"max-snippet:-1","max-image-preview":"max-image-preview:large","max-video-preview":"max-video-preview:-1"},"canonical":"https:\/\/www.garfidi.it\/lld\/suedtirol-rating\/","og_locale":"en_US","og_type":"article","og_title":"Garfidi - Garanzia de credit tl S\u00fcdtirol | S\u00fcdtirol Rating","og_description":"Cun S\u00fcdtirol Rating, n produt de Garfidi, ciaf\u00ebise n'ejaminaziun profescionala y ampla de osta afidabilit\u00e9 da pai\u00e9 derevers n credit.","og_url":"https:\/\/www.garfidi.it\/lld\/suedtirol-rating\/","og_site_name":"Garfidi","article_modified_time":"2026-02-11T10:08:10+00:00","og_image":[{"width":2560,"height":1707,"url":"https:\/\/www.garfidi.it\/assets\/uploads\/Garfidi-Kreditgenossenschaft-133-scaled.jpg","type":"image\/jpeg"}],"twitter_card":"summary_large_image","twitter_misc":{"Est. reading time":"6 minutes"},"schema":{"@context":"https:\/\/schema.org","@graph":[{"@type":"WebPage","@id":"https:\/\/www.garfidi.it\/lld\/suedtirol-rating\/","url":"https:\/\/www.garfidi.it\/lld\/suedtirol-rating\/","name":"Garfidi - Garanzia de credit tl S\u00fcdtirol | S\u00fcdtirol Rating","isPartOf":{"@id":"https:\/\/www.garfidi.it\/lld\/#website"},"primaryImageOfPage":{"@id":"https:\/\/www.garfidi.it\/lld\/suedtirol-rating\/#primaryimage"},"image":{"@id":"https:\/\/www.garfidi.it\/lld\/suedtirol-rating\/#primaryimage"},"thumbnailUrl":"https:\/\/www.garfidi.it\/assets\/uploads\/Garfidi-Kreditgenossenschaft-133-scaled.jpg","datePublished":"2025-05-19T21:20:48+00:00","dateModified":"2026-02-11T10:08:10+00:00","description":"Cun S\u00fcdtirol Rating, n produt de Garfidi, ciaf\u00ebise n'ejaminaziun profescionala y ampla de osta afidabilit\u00e9 da pai\u00e9 derevers n credit.","breadcrumb":{"@id":"https:\/\/www.garfidi.it\/lld\/suedtirol-rating\/#breadcrumb"},"inLanguage":"lld-IT","potentialAction":[{"@type":"ReadAction","target":["https:\/\/www.garfidi.it\/lld\/suedtirol-rating\/"]}]},{"@type":"ImageObject","inLanguage":"lld-IT","@id":"https:\/\/www.garfidi.it\/lld\/suedtirol-rating\/#primaryimage","url":"https:\/\/www.garfidi.it\/assets\/uploads\/Garfidi-Kreditgenossenschaft-133-scaled.jpg","contentUrl":"https:\/\/www.garfidi.it\/assets\/uploads\/Garfidi-Kreditgenossenschaft-133-scaled.jpg","width":2560,"height":1707},{"@type":"BreadcrumbList","@id":"https:\/\/www.garfidi.it\/lld\/suedtirol-rating\/#breadcrumb","itemListElement":[{"@type":"ListItem","position":1,"name":"Home","item":"https:\/\/www.garfidi.it\/lld\/"},{"@type":"ListItem","position":2,"name":"S\u00fcdtirol Rating"}]},{"@type":"WebSite","@id":"https:\/\/www.garfidi.it\/lld\/#website","url":"https:\/\/www.garfidi.it\/lld\/","name":"Garfidi","description":"Garanzia sul Credito Alto Adige","publisher":{"@id":"https:\/\/www.garfidi.it\/lld\/#organization"},"potentialAction":[{"@type":"SearchAction","target":{"@type":"EntryPoint","urlTemplate":"https:\/\/www.garfidi.it\/lld\/?s={search_term_string}"},"query-input":{"@type":"PropertyValueSpecification","valueRequired":true,"valueName":"search_term_string"}}],"inLanguage":"lld-IT"},{"@type":"Organization","@id":"https:\/\/www.garfidi.it\/lld\/#organization","name":"Garfidi","url":"https:\/\/www.garfidi.it\/lld\/","logo":{"@type":"ImageObject","inLanguage":"lld-IT","@id":"https:\/\/www.garfidi.it\/lld\/#\/schema\/logo\/image\/","url":"https:\/\/www.garfidi.it\/assets\/uploads\/cropped-favicon.png","contentUrl":"https:\/\/www.garfidi.it\/assets\/uploads\/cropped-favicon.png","width":512,"height":512,"caption":"Garfidi"},"image":{"@id":"https:\/\/www.garfidi.it\/lld\/#\/schema\/logo\/image\/"}}]}},"_links":{"self":[{"href":"https:\/\/www.garfidi.it\/lld\/wp-json\/wp\/v2\/pages\/1937","targetHints":{"allow":["GET"]}}],"collection":[{"href":"https:\/\/www.garfidi.it\/lld\/wp-json\/wp\/v2\/pages"}],"about":[{"href":"https:\/\/www.garfidi.it\/lld\/wp-json\/wp\/v2\/types\/page"}],"author":[{"embeddable":true,"href":"https:\/\/www.garfidi.it\/lld\/wp-json\/wp\/v2\/users\/1"}],"replies":[{"embeddable":true,"href":"https:\/\/www.garfidi.it\/lld\/wp-json\/wp\/v2\/comments?post=1937"}],"version-history":[{"count":24,"href":"https:\/\/www.garfidi.it\/lld\/wp-json\/wp\/v2\/pages\/1937\/revisions"}],"predecessor-version":[{"id":3149,"href":"https:\/\/www.garfidi.it\/lld\/wp-json\/wp\/v2\/pages\/1937\/revisions\/3149"}],"wp:featuredmedia":[{"embeddable":true,"href":"https:\/\/www.garfidi.it\/lld\/wp-json\/wp\/v2\/media\/2593"}],"wp:attachment":[{"href":"https:\/\/www.garfidi.it\/lld\/wp-json\/wp\/v2\/media?parent=1937"}],"curies":[{"name":"wp","href":"https:\/\/api.w.org\/{rel}","templated":true}]}}